{"id":138,"date":"2018-04-24T19:09:03","date_gmt":"2018-04-24T18:09:03","guid":{"rendered":"http:\/\/netstories.de\/hello-world\/hello-world\/?page_id=138"},"modified":"2018-12-02T13:41:13","modified_gmt":"2018-12-02T12:41:13","slug":"impressum","status":"publish","type":"page","link":"https:\/\/netstories.de\/Ostsee-Radtour-2018\/impressum\/","title":{"rendered":"Impressum"},"content":{"rendered":"<p>Es werden keine pers\u00f6nlichen Daten erhoben oder gespeichert. F\u00fcr die Abgabe eines Kommentars ist eine g\u00fcltige E-Mailadresse notwendig. Diese wird nicht an Dritte weitergegeben und kann bei Bedarf gel\u00f6scht werden.<\/p>\n<p>Diese Seiten dienen ausschlie\u00dflich privaten Zwecken und\u00a0ich bin\u00a0in keiner Weise\u00a0f\u00fcr die Inhalte\u00a0der verlinkten Seiten verantwortlich.<\/p>\n<p>Die verlinkten Seiten dienen nur zur Information f\u00fcr die Besucher unserer Seite und sind in keiner Weise mit einer finanziellen Unterst\u00fctzung durch irgendwelche\u00a0Hersteller oder Anbieter verbunden.<\/p>\n<p>Ernst Richter<\/p>\n","protected":false},"excerpt":{"rendered":"<p>Es werden keine pers\u00f6nlichen Daten erhoben oder gespeichert. F\u00fcr die Abgabe eines Kommentars ist eine g\u00fcltige E-Mailadresse notwendig. Diese wird nicht an Dritte weitergegeben und kann bei Bedarf gel\u00f6scht werden. Diese Seiten dienen ausschlie\u00dflich privaten Zwecken und\u00a0ich bin\u00a0in keiner Weise\u00a0f\u00fcr die Inhalte\u00a0der verlinkten Seiten verantwortlich. Die verlinkten Seiten dienen nur zur Information f\u00fcr die Besucher unserer Seite und sind in keiner Weise mit einer finanziellen Unterst\u00fctzung durch irgendwelche\u00a0Hersteller oder Anbieter verbunden. Ernst Richter <a href=\"https:\/\/netstories.de\/Ostsee-Radtour-2018\/impressum\/\" class=\"more-link\"><span class=\"screen-reader-text\">Impressum<\/span> weiterlesen<\/a><\/p>\n","protected":false},"author":1,"featured_media":0,"parent":0,"menu_order":0,"comment_status":"closed","ping_status":"closed","template":"","meta":{"ngg_post_thumbnail":0,"jetpack_post_was_ever_published":false,"footnotes":""},"tags":[],"aioseo_notices":[],"jetpack_shortlink":"https:\/\/wp.me\/P9MvVn-2e","jetpack_sharing_enabled":true,"_links":{"self":[{"href":"https:\/\/netstories.de\/Ostsee-Radtour-2018\/wp-json\/wp\/v2\/pages\/138"}],"collection":[{"href":"https:\/\/netstories.de\/Ostsee-Radtour-2018\/wp-json\/wp\/v2\/pages"}],"about":[{"href":"https:\/\/netstories.de\/Ostsee-Radtour-2018\/wp-json\/wp\/v2\/types\/page"}],"author":[{"embeddable":true,"href":"https:\/\/netstories.de\/Ostsee-Radtour-2018\/wp-json\/wp\/v2\/users\/1"}],"replies":[{"embeddable":true,"href":"https:\/\/netstories.de\/Ostsee-Radtour-2018\/wp-json\/wp\/v2\/comments?post=138"}],"version-history":[{"count":3,"href":"https:\/\/netstories.de\/Ostsee-Radtour-2018\/wp-json\/wp\/v2\/pages\/138\/revisions"}],"predecessor-version":[{"id":711,"href":"https:\/\/netstories.de\/Ostsee-Radtour-2018\/wp-json\/wp\/v2\/pages\/138\/revisions\/711"}],"wp:attachment":[{"href":"https:\/\/netstories.de\/Ostsee-Radtour-2018\/wp-json\/wp\/v2\/media?parent=138"}],"wp:term":[{"taxonomy":"post_tag","embeddable":true,"href":"https:\/\/netstories.de\/Ostsee-Radtour-2018\/wp-json\/wp\/v2\/tags?post=138"}],"curies":[{"name":"wp","href":"https:\/\/api.w.org\/{rel}","templated":true}]}}